{"id":61,"date":"2023-07-11T06:38:19","date_gmt":"2023-07-11T04:38:19","guid":{"rendered":"https:\/\/zakazky.ujep.cz\/?page_id=61"},"modified":"2026-03-10T11:02:54","modified_gmt":"2026-03-10T10:02:54","slug":"co-mam-delat-kdyz","status":"publish","type":"page","link":"https:\/\/zakazky.ujep.cz\/index.php\/co-mam-delat-kdyz\/","title":{"rendered":"Co m\u00e1m d\u011blat, kdy\u017e"},"content":{"rendered":"<p>[et_pb_section fb_built=&#8220;1&#8243; _builder_version=&#8220;4.21.0&#8243; _module_preset=&#8220;default&#8220; background_enable_color=&#8220;off&#8220; background_enable_image=&#8220;off&#8220; background_size=&#8220;custom&#8220; background_image_width=&#8220;0%&#8220; background_image_height=&#8220;16%&#8220; background_position=&#8220;top_left&#8220; background_horizontal_offset=&#8220;4%&#8220; background_vertical_offset=&#8220;-7%&#8220; filter_saturate=&#8220;71%&#8220; global_colors_info=&#8220;{}&#8220; filter_saturate__hover_enabled=&#8220;on|desktop&#8220; filter_saturate__hover=&#8220;71%&#8220;][et_pb_row _builder_version=&#8220;4.21.0&#8243; _module_preset=&#8220;default&#8220; width=&#8220;60%&#8220; max_width=&#8220;100%&#8220; custom_padding=&#8220;0px||0px||true|false&#8220; global_colors_info=&#8220;{}&#8220;][et_pb_column type=&#8220;4_4&#8243; _builder_version=&#8220;4.21.0&#8243; _module_preset=&#8220;default&#8220; global_colors_info=&#8220;{}&#8220;][et_pb_text _builder_version=&#8220;4.21.0&#8243; _module_preset=&#8220;default&#8220; global_colors_info=&#8220;{}&#8220;]<\/p>\n<h1>Co m\u00e1m d\u011blat, kdy\u017e &#8230;..<\/h1>\n<p>[\/et_pb_text][\/et_pb_column][\/et_pb_row][et_pb_row column_structure=&#8220;1_2,1_2&#8243; make_equal=&#8220;on&#8220; _builder_version=&#8220;4.21.0&#8243; _module_preset=&#8220;default&#8220; width=&#8220;60%&#8220; max_width=&#8220;100%&#8220; global_colors_info=&#8220;{}&#8220;][et_pb_column type=&#8220;1_2&#8243; _builder_version=&#8220;4.21.0&#8243; _module_preset=&#8220;default&#8220; global_colors_info=&#8220;{}&#8220;][et_pb_text ol_position=&#8220;outside&#8220; ol_item_indent=&#8220;31px&#8220; _builder_version=&#8220;4.21.0&#8243; _module_preset=&#8220;default&#8220; border_color_left=&#8220;#FFFFFF&#8220; global_colors_info=&#8220;{}&#8220;]<\/p>\n<ul>\n<li><strong>Pot\u0159ebuji po\u0159\u00eddit n\u00e1bytek, tisk, propaga\u010dn\u00ed p\u0159edm\u011bty, IT.\u00a0 <\/strong>&#8211;\u00a0 Tyto komodity se realizuj\u00ed v\u00fdhradn\u011b p\u0159es Dynamick\u00fd n\u00e1kupn\u00ed syst\u00e9m u IT p\u0159\u00edpadn\u011b i r\u00e1mcovou smlouvu.<strong><\/strong><\/li>\n<li><strong>Pot\u0159ebuji po\u0159\u00eddit n\u011bkterou z <a href=\"https:\/\/zakazky.ujep.cz\/wp-content\/uploads\/ramcove-smlouvy-a-DNS.xlsx\">t\u011bchto komodit<\/a><span>\u00a0<\/span>(kancel\u00e1\u0159ina, drogerie, tonery atd.)<\/strong><\/li>\n<li><strong>Pot\u0159ebuji po\u0159\u00eddit dod\u00e1vku \u010di slu\u017ebu do 100 000,-K\u010d bez DPH a financov\u00e1n\u00ed nen\u00ed z projekt\u016f.<\/strong>&#8211;\u00a0 Realizujte p\u0159\u00edm\u00fd n\u00e1kup u libovoln\u00e9ho dodavatele s cenou b\u011b\u017enou v m\u00edst\u011b a \u010dase. Od 50 000,-K\u010d bez DPH mus\u00ed b\u00fdt objedn\u00e1vka s akceptac\u00ed druh\u00e9 strany nebo smlouva, v\u010detn\u011b uve\u0159ejn\u011bn\u00ed v registru smluv.<\/li>\n<li><strong>Pot\u0159ebuji po\u0159\u00eddit dod\u00e1vku \u010di slu\u017ebu do 400 000,-K\u010d bez DPH a financov\u00e1n\u00ed nen\u00ed z projekt\u016f.<\/strong>&#8211;\u00a0 Prove\u010fte pr\u016fzkum trhu (nap\u0159. internet, nebo katalog, nebo emailem dle p\u0159\u00edlohy \u010d. 5 sm\u011brnice rektora 6\/2021)<\/li>\n<li><strong>Pot\u0159ebuji po\u0159\u00eddit dod\u00e1vku nad 400 000,-K\u010d bez DPH a financov\u00e1n\u00ed nen\u00ed z projekt\u016f.<\/strong>&#8211;\u00a0 Pro dal\u0161\u00ed postup kontaktujete OVZ.<\/li>\n<li><strong>Pot\u0159ebuji realizovat investi\u010dn\u00ed stavebn\u00ed pr\u00e1ce <\/strong>&#8211; Pro dal\u0161\u00ed postup kontaktujete Investi\u010dn\u00ed odd\u011blen\u00ed.<\/li>\n<li><b>Ni\u010demu z v\u00fd\u0161e uveden\u00e9mu nerozum\u00edm, ale pot\u0159ebuji to &#8211; <\/b>Pro dal\u0161\u00ed postup kontaktujete OVZ.<\/li>\n<\/ul>\n<p>Zak\u00e1zky, kter\u00e9 jsou pln\u011b nebo \u010d\u00e1ste\u010dn\u011b financov\u00e1ny z projekt\u016f, podl\u00e9haj\u00ed mimo jin\u00e9 pravidl\u016fm t\u011bchto projekt\u016f. Pro bli\u017e\u0161\u00ed informace kontaktujte projektov\u00e9ho mana\u017eera.<\/p>\n<p>Douf\u00e1me, \u017ee tyto z\u00e1kladn\u00ed informace v\u00e1m pomohou se zorientovat v problematice\u00a0 ve\u0159ejn\u00e9ho zad\u00e1v\u00e1n\u00ed a \u017ee se stanete aktivn\u00edm \u00fa\u010dastn\u00edkem tohoto procesu.<\/p>\n<p>[\/et_pb_text][\/et_pb_column][et_pb_column type=&#8220;1_2&#8243; _builder_version=&#8220;4.21.0&#8243; _module_preset=&#8220;default&#8220; background_image=&#8220;https:\/\/zakazky.ujep.cz\/wp-content\/uploads\/pexels-rodolfo-quiros-1848731-683&#215;1024.jpg&#8220; global_colors_info=&#8220;{}&#8220;][\/et_pb_column][\/et_pb_row][\/et_pb_section]<\/p>\n","protected":false},"excerpt":{"rendered":"<p>Co m\u00e1m d\u011blat, kdy\u017e &#8230;.. Pot\u0159ebuji po\u0159\u00eddit n\u00e1bytek, tisk, propaga\u010dn\u00ed p\u0159edm\u011bty, IT.\u00a0 &#8211;\u00a0 Tyto komodity se realizuj\u00ed v\u00fdhradn\u011b p\u0159es Dynamick\u00fd n\u00e1kupn\u00ed syst\u00e9m u IT p\u0159\u00edpadn\u011b i r\u00e1mcovou smlouvu. Pot\u0159ebuji po\u0159\u00eddit n\u011bkterou z t\u011bchto komodit\u00a0(kancel\u00e1\u0159ina, drogerie, tonery atd.) Pot\u0159ebuji po\u0159\u00eddit dod\u00e1vku \u010di slu\u017ebu do 100 000,-K\u010d bez DPH a financov\u00e1n\u00ed nen\u00ed z projekt\u016f.-\u00a0 Realizujte p\u0159\u00edm\u00fd n\u00e1kup [&hellip;]<\/p>\n","protected":false},"author":1,"featured_media":0,"parent":0,"menu_order":0,"comment_status":"closed","ping_status":"closed","template":"","meta":{"_et_pb_use_builder":"on","_et_pb_old_content":"","_et_gb_content_width":""},"_links":{"self":[{"href":"https:\/\/zakazky.ujep.cz\/index.php\/wp-json\/wp\/v2\/pages\/61"}],"collection":[{"href":"https:\/\/zakazky.ujep.cz\/index.php\/wp-json\/wp\/v2\/pages"}],"about":[{"href":"https:\/\/zakazky.ujep.cz\/index.php\/wp-json\/wp\/v2\/types\/page"}],"author":[{"embeddable":true,"href":"https:\/\/zakazky.ujep.cz\/index.php\/wp-json\/wp\/v2\/users\/1"}],"replies":[{"embeddable":true,"href":"https:\/\/zakazky.ujep.cz\/index.php\/wp-json\/wp\/v2\/comments?post=61"}],"version-history":[{"count":17,"href":"https:\/\/zakazky.ujep.cz\/index.php\/wp-json\/wp\/v2\/pages\/61\/revisions"}],"predecessor-version":[{"id":442,"href":"https:\/\/zakazky.ujep.cz\/index.php\/wp-json\/wp\/v2\/pages\/61\/revisions\/442"}],"wp:attachment":[{"href":"https:\/\/zakazky.ujep.cz\/index.php\/wp-json\/wp\/v2\/media?parent=61"}],"curies":[{"name":"wp","href":"https:\/\/api.w.org\/{rel}","templated":true}]}}