{"id":19,"date":"2023-07-07T14:59:06","date_gmt":"2023-07-07T12:59:06","guid":{"rendered":"https:\/\/zakazky.ujep.cz\/?page_id=19"},"modified":"2026-03-10T11:10:05","modified_gmt":"2026-03-10T10:10:05","slug":"homepage","status":"publish","type":"page","link":"https:\/\/zakazky.ujep.cz\/","title":{"rendered":"homepage"},"content":{"rendered":"<p>[et_pb_section fb_built=&#8220;1&#8243; _builder_version=&#8220;4.21.0&#8243; _module_preset=&#8220;default&#8220; background_enable_color=&#8220;off&#8220; background_enable_image=&#8220;off&#8220; background_size=&#8220;custom&#8220; background_image_width=&#8220;0%&#8220; background_image_height=&#8220;16%&#8220; background_position=&#8220;top_left&#8220; background_horizontal_offset=&#8220;4%&#8220; background_vertical_offset=&#8220;-7%&#8220; filter_saturate=&#8220;71%&#8220; global_colors_info=&#8220;{}&#8220; filter_saturate__hover_enabled=&#8220;on|desktop&#8220; filter_saturate__hover=&#8220;71%&#8220;][et_pb_row _builder_version=&#8220;4.21.0&#8243; _module_preset=&#8220;default&#8220; width=&#8220;60%&#8220; max_width=&#8220;100%&#8220; custom_padding=&#8220;0px||0px||true|false&#8220; global_colors_info=&#8220;{}&#8220;][et_pb_column type=&#8220;4_4&#8243; _builder_version=&#8220;4.21.0&#8243; _module_preset=&#8220;default&#8220; global_colors_info=&#8220;{}&#8220;][et_pb_text _builder_version=&#8220;4.21.0&#8243; _module_preset=&#8220;default&#8220; global_colors_info=&#8220;{}&#8220;]<\/p>\n<h1>Obecn\u00e9 info o OVZ a zak\u00e1zk\u00e1ch<\/h1>\n<p>[\/et_pb_text][\/et_pb_column][\/et_pb_row][et_pb_row column_structure=&#8220;1_2,1_2&#8243; make_equal=&#8220;on&#8220; _builder_version=&#8220;4.21.0&#8243; _module_preset=&#8220;default&#8220; width=&#8220;60%&#8220; max_width=&#8220;100%&#8220; global_colors_info=&#8220;{}&#8220;][et_pb_column type=&#8220;1_2&#8243; _builder_version=&#8220;4.21.0&#8243; _module_preset=&#8220;default&#8220; global_colors_info=&#8220;{}&#8220;][et_pb_text _builder_version=&#8220;4.21.0&#8243; _module_preset=&#8220;default&#8220; global_colors_info=&#8220;{}&#8220;]<\/p>\n<p>Odd\u011blen\u00ed ve\u0159ejn\u00fdch zak\u00e1zek zaji\u0161\u0165uje efektivn\u00ed a transparentn\u00ed proces p\u0159i zad\u00e1v\u00e1n\u00ed zak\u00e1zek. Hlavn\u00ed funkce tohoto odd\u011blen\u00ed zahrnuj\u00ed zejm\u00e9na:<strong><\/strong><\/p>\n<p><strong><\/strong><\/p>\n<ul>\n<li>\n<p><strong>Pl\u00e1nov\u00e1n\u00ed a p\u0159\u00edprava zak\u00e1zek<\/strong>:<\/p>\n<ul>\n<li>Zpracov\u00e1v\u00e1 pl\u00e1n ve\u0159ejn\u00fdch zak\u00e1zek UJEP<\/li>\n<li>P\u0159ipravuje podklady pro zad\u00e1vac\u00ed \u0159\u00edzen\u00ed<\/li>\n<\/ul>\n<\/li>\n<li>\n<p><strong>Realizace zad\u00e1vac\u00edch \u0159\u00edzen\u00ed<\/strong>:<\/p>\n<ul>\n<li>Organizuje a prov\u00e1d\u00ed v\u00fdb\u011brov\u00e1 \u0159\u00edzen\u00ed na dodavatele, slu\u017eby nebo stavebn\u00ed pr\u00e1ce.<\/li>\n<li>Zaji\u0161\u0165uje transparentn\u00ed a spravedliv\u00fd proces v\u00fdb\u011bru dodavatel\u016f podle sm\u011brnice UJEP a z\u00e1kona o ve\u0159ejn\u00fdch zak\u00e1zk\u00e1ch.<\/li>\n<li>N\u00e1kup <a href=\"https:\/\/zakazky.ujep.cz\/wp-content\/uploads\/ramcove-smlouvy-a-DNS.xlsx\">t\u011bchto komodit<\/a> podl\u00e9h\u00e1 r\u00e1mcov\u00fdm smlouv\u00e1m. Postup n\u00e1kupu <a href=\"https:\/\/zakazky.ujep.cz\/wp-content\/uploads\/ramcove-smlouvy-a-DNS.xlsx\">viz.<\/a><\/li>\n<\/ul>\n<\/li>\n<li>\n<p><strong>Komunikace s dodavateli<\/strong>:<\/p>\n<ul>\n<li>Vede jedn\u00e1n\u00ed s potenci\u00e1ln\u00edmi dodavateli a zaji\u0161\u0165uje jejich informov\u00e1n\u00ed o podm\u00ednk\u00e1ch zak\u00e1zky.<\/li>\n<li>Odpov\u00edd\u00e1 na dotazy a zaji\u0161\u0165uje vysv\u011btlen\u00ed nejasnost\u00ed v zad\u00e1vac\u00edch podm\u00ednk\u00e1ch.<\/li>\n<\/ul>\n<\/li>\n<li>\n<p><strong>Hodnocen\u00ed a v\u00fdb\u011br nab\u00eddek<\/strong>:<\/p>\n<ul>\n<li>Posuzuje a hodnot\u00ed p\u0159edlo\u017een\u00e9 nab\u00eddky podle stanoven\u00fdch krit\u00e9ri\u00ed.<\/li>\n<li>Vyb\u00edr\u00e1 nejvhodn\u011bj\u0161\u00ed nab\u00eddku a p\u0159ipravuje rozhodnut\u00ed o v\u00fdb\u011bru dodavatele.<\/li>\n<\/ul>\n<\/li>\n<li>\n<p><strong>Uzav\u00edr\u00e1n\u00ed smluv<\/strong>:<\/p>\n<ul>\n<li>Koordinuje uzav\u00edr\u00e1n\u00ed smluv s vybran\u00fdmi dodavateli.<\/li>\n<\/ul>\n<\/li>\n<li>\n<p><strong>Archivace a dokumentace<\/strong>:<\/p>\n<ul>\n<li>Zaji\u0161\u0165uje \u0159\u00e1dnou dokumentaci v\u0161ech krok\u016f procesu zad\u00e1v\u00e1n\u00ed zak\u00e1zek.<\/li>\n<li>Uchov\u00e1v\u00e1 v\u0161echny d\u016fle\u017eit\u00e9 dokumenty a z\u00e1znamy v souladu s pr\u00e1vn\u00edmi p\u0159edpisy.<\/li>\n<\/ul>\n<\/li>\n<li>\n<p><strong>Legislativn\u00ed podpora<\/strong>:<\/p>\n<ul>\n<li>Sleduje legislativn\u00ed zm\u011bny v oblasti ve\u0159ejn\u00fdch zak\u00e1zek a zaji\u0161\u0165uje jejich implementaci v praxi organizace.<\/li>\n<li>Poskytuje poradenstv\u00ed v oblasti ve\u0159ejn\u00fdch zak\u00e1zek.<\/li>\n<\/ul>\n<\/li>\n<li>\n<p><strong>\u0160kolen\u00ed a poradenstv\u00ed<\/strong>:<\/p>\n<ul>\n<li>Poskytuje \u0161kolen\u00ed a metodickou podporu ostatn\u00edm odd\u011blen\u00edm organizace v oblasti ve\u0159ejn\u00fdch zak\u00e1zek.<\/li>\n<li>Rad\u00ed p\u0159i sestavov\u00e1n\u00ed zad\u00e1vac\u00edch podm\u00ednek\u00a0<\/li>\n<\/ul>\n<\/li>\n<\/ul>\n<p>[\/et_pb_text][\/et_pb_column][et_pb_column type=&#8220;1_2&#8243; _builder_version=&#8220;4.21.0&#8243; _module_preset=&#8220;default&#8220; background_image=&#8220;https:\/\/zakazky.ujep.cz\/wp-content\/uploads\/pexels-ivan-samkov-5676744-scaled.jpg&#8220; global_colors_info=&#8220;{}&#8220;][\/et_pb_column][\/et_pb_row][\/et_pb_section][et_pb_section fb_built=&#8220;1&#8243; _builder_version=&#8220;4.21.0&#8243; _module_preset=&#8220;default&#8220; global_colors_info=&#8220;{}&#8220;][et_pb_row column_structure=&#8220;2_5,3_5&#8243; _builder_version=&#8220;4.21.0&#8243; _module_preset=&#8220;default&#8220; global_colors_info=&#8220;{}&#8220;][et_pb_column type=&#8220;2_5&#8243; _builder_version=&#8220;4.21.0&#8243; _module_preset=&#8220;default&#8220; global_colors_info=&#8220;{}&#8220;][\/et_pb_column][et_pb_column type=&#8220;3_5&#8243; _builder_version=&#8220;4.21.0&#8243; _module_preset=&#8220;default&#8220; global_colors_info=&#8220;{}&#8220;][\/et_pb_column][\/et_pb_row][\/et_pb_section]<\/p>\n","protected":false},"excerpt":{"rendered":"<p>Obecn\u00e9 info o OVZ a zak\u00e1zk\u00e1chOdd\u011blen\u00ed ve\u0159ejn\u00fdch zak\u00e1zek zaji\u0161\u0165uje efektivn\u00ed a transparentn\u00ed proces p\u0159i zad\u00e1v\u00e1n\u00ed zak\u00e1zek. Hlavn\u00ed funkce tohoto odd\u011blen\u00ed zahrnuj\u00ed zejm\u00e9na: Pl\u00e1nov\u00e1n\u00ed a p\u0159\u00edprava zak\u00e1zek: Zpracov\u00e1v\u00e1 pl\u00e1n ve\u0159ejn\u00fdch zak\u00e1zek UJEP P\u0159ipravuje podklady pro zad\u00e1vac\u00ed \u0159\u00edzen\u00ed Realizace zad\u00e1vac\u00edch \u0159\u00edzen\u00ed: Organizuje a prov\u00e1d\u00ed v\u00fdb\u011brov\u00e1 \u0159\u00edzen\u00ed na dodavatele, slu\u017eby nebo stavebn\u00ed pr\u00e1ce. Zaji\u0161\u0165uje transparentn\u00ed a spravedliv\u00fd proces [&hellip;]<\/p>\n","protected":false},"author":1,"featured_media":0,"parent":0,"menu_order":0,"comment_status":"closed","ping_status":"closed","template":"","meta":{"_et_pb_use_builder":"on","_et_pb_old_content":"","_et_gb_content_width":""},"_links":{"self":[{"href":"https:\/\/zakazky.ujep.cz\/index.php\/wp-json\/wp\/v2\/pages\/19"}],"collection":[{"href":"https:\/\/zakazky.ujep.cz\/index.php\/wp-json\/wp\/v2\/pages"}],"about":[{"href":"https:\/\/zakazky.ujep.cz\/index.php\/wp-json\/wp\/v2\/types\/page"}],"author":[{"embeddable":true,"href":"https:\/\/zakazky.ujep.cz\/index.php\/wp-json\/wp\/v2\/users\/1"}],"replies":[{"embeddable":true,"href":"https:\/\/zakazky.ujep.cz\/index.php\/wp-json\/wp\/v2\/comments?post=19"}],"version-history":[{"count":19,"href":"https:\/\/zakazky.ujep.cz\/index.php\/wp-json\/wp\/v2\/pages\/19\/revisions"}],"predecessor-version":[{"id":444,"href":"https:\/\/zakazky.ujep.cz\/index.php\/wp-json\/wp\/v2\/pages\/19\/revisions\/444"}],"wp:attachment":[{"href":"https:\/\/zakazky.ujep.cz\/index.php\/wp-json\/wp\/v2\/media?parent=19"}],"curies":[{"name":"wp","href":"https:\/\/api.w.org\/{rel}","templated":true}]}}