{"id":108,"date":"2023-07-11T12:32:07","date_gmt":"2023-07-11T10:32:07","guid":{"rendered":"https:\/\/zakazky.ujep.cz\/?page_id=108"},"modified":"2024-09-02T18:53:33","modified_gmt":"2024-09-02T16:53:33","slug":"kontakty","status":"publish","type":"page","link":"https:\/\/zakazky.ujep.cz\/index.php\/kontakty\/","title":{"rendered":"Kontakty"},"content":{"rendered":"<p>[et_pb_section fb_built=&#8220;1&#8243; _builder_version=&#8220;4.21.0&#8243; _module_preset=&#8220;default&#8220; background_size=&#8220;custom&#8220; background_image_width=&#8220;0%&#8220; background_image_height=&#8220;11%&#8220; background_position=&#8220;top_left&#8220; background_horizontal_offset=&#8220;4%&#8220; background_vertical_offset=&#8220;-7%&#8220; filter_saturate=&#8220;71%&#8220; hover_enabled=&#8220;0&#8243; global_colors_info=&#8220;{}&#8220; filter_saturate__hover_enabled=&#8220;on|desktop&#8220; filter_saturate__hover=&#8220;71%&#8220; background_enable_image=&#8220;off&#8220; background_enable_color=&#8220;off&#8220; sticky_enabled=&#8220;0&#8243;][et_pb_row column_structure=&#8220;1_2,1_2&#8243; _builder_version=&#8220;4.21.0&#8243; _module_preset=&#8220;default&#8220; max_width=&#8220;100%&#8220; hover_enabled=&#8220;0&#8243; global_colors_info=&#8220;{}&#8220; width=&#8220;60%&#8220; sticky_enabled=&#8220;0&#8243; custom_padding=&#8220;||1px|||&#8220;][et_pb_column type=&#8220;1_2&#8243; _builder_version=&#8220;4.21.0&#8243; _module_preset=&#8220;default&#8220; global_colors_info=&#8220;{}&#8220;][et_pb_text _builder_version=&#8220;4.21.0&#8243; _module_preset=&#8220;default&#8220; text_orientation=&#8220;left&#8220; width=&#8220;53.9%&#8220; global_colors_info=&#8220;{}&#8220;]<\/p>\n<h1>Kontakty<\/h1>\n<p>[\/et_pb_text][\/et_pb_column][et_pb_column type=&#8220;1_2&#8243; _builder_version=&#8220;4.21.0&#8243; _module_preset=&#8220;default&#8220; global_colors_info=&#8220;{}&#8220;][\/et_pb_column][\/et_pb_row][et_pb_row column_structure=&#8220;1_2,1_2&#8243; _builder_version=&#8220;4.21.0&#8243; _module_preset=&#8220;default&#8220; max_width=&#8220;100%&#8220; hover_enabled=&#8220;0&#8243; global_colors_info=&#8220;{}&#8220; width=&#8220;60%&#8220; sticky_enabled=&#8220;0&#8243;][et_pb_column type=&#8220;1_2&#8243; _builder_version=&#8220;4.21.0&#8243; _module_preset=&#8220;default&#8220; global_colors_info=&#8220;{}&#8220;][dsm_card layout=&#8220;inline&#8220; image=&#8220;https:\/\/zakazky.ujep.cz\/wp-content\/uploads\/1A6A5626_1.jpg&#8220; image_background_repeat=&#8220;repeat&#8220; image_background_animation=&#8220;zoom_in&#8220; image_background_animation_speed=&#8220;988ms&#8220; button_url_new_window=&#8220;1&#8243; _builder_version=&#8220;4.21.0&#8243; _module_preset=&#8220;default&#8220; badge_text_color=&#8220;#E02B20&#8243; background_color=&#8220;#FFFFFF&#8220; background_enable_image=&#8220;off&#8220; width=&#8220;100%&#8220; max_width=&#8220;100%&#8220; hover_enabled=&#8220;0&#8243; border_radii=&#8220;on|8px|8px|8px|8px&#8220; border_width_all_image=&#8220;18px&#8220; border_color_all_image=&#8220;#FFFFFF&#8220; global_colors_info=&#8220;{}&#8220; sticky_enabled=&#8220;0&#8243;]<\/p>\n<p><strong>Zbyn\u011bk Tich\u00fd<\/strong><br \/><span>Vedouc\u00ed odd\u011blen\u00ed ve\u0159ejn\u00fdch zak\u00e1zek<\/span><\/p>\n<p>Pracovi\u0161t\u011b: Odd\u011blen\u00ed ve\u0159ejn\u00fdch zak\u00e1zek<br \/>M\u00edstnost: MFC \u2013 3.22<\/p>\n<p>Telefon: +420 475 286 356<br \/>E-mail:<span>\u00a0<\/span><a href=\"mailto:zbynek.tichy@ujep.cz\">zbynek.tichy@ujep.cz<\/a><\/p>\n<p>[\/dsm_card][dsm_card layout=&#8220;inline&#8220; image=&#8220;https:\/\/zakazky.ujep.cz\/wp-content\/uploads\/veronika.jpg&#8220; image_background_repeat=&#8220;repeat&#8220; image_background_animation=&#8220;zoom_in&#8220; image_background_animation_speed=&#8220;988ms&#8220; button_url_new_window=&#8220;1&#8243; _builder_version=&#8220;4.21.0&#8243; _module_preset=&#8220;default&#8220; badge_text_color=&#8220;#E02B20&#8243; background_color=&#8220;#FFFFFF&#8220; background_enable_image=&#8220;off&#8220; width=&#8220;100%&#8220; max_width=&#8220;100%&#8220; border_radii=&#8220;on|8px|8px|8px|8px&#8220; border_width_all_image=&#8220;18px&#8220; border_color_all_image=&#8220;#FFFFFF&#8220; global_colors_info=&#8220;{}&#8220;]<\/p>\n<p><strong>Veronika Bene\u0161ov\u00e1<\/strong><br \/><span>referent odd\u011blen\u00ed ve\u0159ejn\u00fdch zak\u00e1zek<\/span><\/p>\n<p>Pracovi\u0161t\u011b: Odd\u011blen\u00ed ve\u0159ejn\u00fdch zak\u00e1zek<br \/>M\u00edstnost: MFC \u2013 3.24<\/p>\n<p>Telefon: +420 475 286 393<br \/>E-mail:<span>\u00a0<\/span><a href=\"mailto:zbynek.tichy@ujep.cz\">veronika.benesova@ujep.cz<\/a><\/p>\n<p>[\/dsm_card][dsm_card layout=&#8220;inline&#8220; image=&#8220;https:\/\/zakazky.ujep.cz\/wp-content\/uploads\/simona.jpg&#8220; image_background_repeat=&#8220;repeat&#8220; image_background_animation=&#8220;zoom_in&#8220; image_background_animation_speed=&#8220;988ms&#8220; button_url_new_window=&#8220;1&#8243; _builder_version=&#8220;4.21.0&#8243; _module_preset=&#8220;default&#8220; badge_text_color=&#8220;#E02B20&#8243; background_color=&#8220;#FFFFFF&#8220; background_enable_image=&#8220;off&#8220; width=&#8220;100%&#8220; max_width=&#8220;100%&#8220; border_radii=&#8220;on|8px|8px|8px|8px&#8220; border_width_all_image=&#8220;18px&#8220; border_color_all_image=&#8220;#FFFFFF&#8220; global_colors_info=&#8220;{}&#8220;]<\/p>\n<p><strong>Simona Je\u017ekov\u00e1<\/strong><br \/><span>referent odd\u011blen\u00ed ve\u0159ejn\u00fdch zak\u00e1zek<\/span><\/p>\n<p>Pracovi\u0161t\u011b: Odd\u011blen\u00ed ve\u0159ejn\u00fdch zak\u00e1zek<br \/>M\u00edstnost: MFC \u2013 3.24<\/p>\n<p>Telefon: +420 475 286 392<br \/>E-mail:<span> <\/span><a href=\"mailto:zbynek.tichy@ujep.cz\">simona.jezkova@ujep.cz<\/a><\/p>\n<p>[\/dsm_card][dsm_card layout=&#8220;inline&#8220; image=&#8220;https:\/\/zakazky.ujep.cz\/wp-content\/uploads\/lukas.jpg&#8220; image_background_repeat=&#8220;repeat&#8220; image_background_animation=&#8220;zoom_in&#8220; image_background_animation_speed=&#8220;988ms&#8220; button_url_new_window=&#8220;1&#8243; _builder_version=&#8220;4.21.0&#8243; _module_preset=&#8220;default&#8220; badge_text_color=&#8220;#E02B20&#8243; background_color=&#8220;#FFFFFF&#8220; background_enable_image=&#8220;off&#8220; width=&#8220;100%&#8220; max_width=&#8220;100%&#8220; border_radii=&#8220;on|8px|8px|8px|8px&#8220; border_width_all_image=&#8220;18px&#8220; border_color_all_image=&#8220;#FFFFFF&#8220; global_colors_info=&#8220;{}&#8220;]<\/p>\n<p><strong>Ing. Luk\u00e1\u0161 Potm\u011b\u0161il<\/strong><br \/><span>referent odd\u011blen\u00ed ve\u0159ejn\u00fdch zak\u00e1zek<\/span><\/p>\n<p>Pracovi\u0161t\u011b: Odd\u011blen\u00ed ve\u0159ejn\u00fdch zak\u00e1zek<br \/>M\u00edstnost: MFC \u2013 3.24<\/p>\n<p>Telefon: +420 475 286 391<br \/>E-mail:<span>\u00a0<\/span><a href=\"mailto:zbynek.tichy@ujep.cz\">lukas.potmesil@ujep.cz<\/a><\/p>\n<p>[\/dsm_card][\/et_pb_column][et_pb_column type=&#8220;1_2&#8243; _builder_version=&#8220;4.21.0&#8243; _module_preset=&#8220;default&#8220; global_colors_info=&#8220;{}&#8220;][et_pb_text _builder_version=&#8220;4.21.0&#8243; _module_preset=&#8220;default&#8220; text_orientation=&#8220;left&#8220; hover_enabled=&#8220;0&#8243; global_colors_info=&#8220;{}&#8220; custom_margin=&#8220;23px||||false|false&#8220; sticky_enabled=&#8220;0&#8243;]<\/p>\n<p><strong>Univerzita Jana Evangelisty Purkyn\u011b v \u00dast\u00ed nad Labem<\/strong><\/p>\n<p>Pasteurova 3544\/1<br \/>400 96 \u00dast\u00ed nad Labem<\/p>\n<p>I\u010c: 44555601<br \/>DI\u010c: CZ44555601<\/p>\n<p>[\/et_pb_text][et_pb_code _builder_version=&#8220;4.21.0&#8243; _module_preset=&#8220;default&#8220; width=&#8220;100%&#8220; max_width=&#8220;100%&#8220; global_colors_info=&#8220;{}&#8220;]<iframe src=\"https:\/\/www.google.com\/maps\/embed?pb=!1m18!1m12!1m3!1d2528.949729659158!2d14.025109699999998!3d50.6651939!2m3!1f0!2f0!3f0!3m2!1i1024!2i768!4f13.1!3m3!1m2!1s0x470985f0b05eb573%3A0x2c4be9d9f5111120!2sRektor%C3%A1t%20UJEP!5e0!3m2!1scs!2scz!4v1689073941215!5m2!1scs!2scz\" width=\"100%\" height=\"650\" style=\"border:0;\" allowfullscreen=\"\" loading=\"lazy\" referrerpolicy=\"no-referrer-when-downgrade\"><\/iframe>[\/et_pb_code][\/et_pb_column][\/et_pb_row][\/et_pb_section]<\/p>\n","protected":false},"excerpt":{"rendered":"<p>Kontakty<div class=\"et_pb_with_border et_pb_module dsm_card dsm_card_0 et_pb_bg_layout_light dsm_card_image_animation dsm_card_image_animation_zoom_in dsm_card_layout_inline \">\n\t\t\t\t\n\t\t\t\t\n\t\t\t\t\n\t\t\t\t\n\t\t\t\t\n\t\t\t\t\n\t\t\t\t<div class=\"et_pb_module_inner\">\n\t\t\t\t\t\n\t\t\t\n\t\t\t<figure class=\"dsm_card_image_wrapper dsm_card_badge_top_right\"><div class=\"dsm_card_image_background dsm_card_img\"><\/div><\/figure>\n\t\t\t<div class=\"et_pb_module dsm_card_wrapper et_pb_text_align_left\">\n\t\t\t\t\t\n\t\t\t\t\t\n\t\t\t\t\t\n\t\t\t\t\t<div class=\"dsm_card_description\">Zbyn\u011bk Tich\u00fdVedouc\u00ed odd\u011blen\u00ed ve\u0159ejn\u00fdch zak\u00e1zek Pracovi\u0161t\u011b: Odd\u011blen\u00ed ve\u0159ejn\u00fdch zak\u00e1zekM\u00edstnost: MFC \u2013 3.22 Telefon: +420 475 286 356E-mail:\u00a0zbynek.tichy@ujep.cz<\/div>\n\t\t\t\t\t\n\t\t\t\t<\/div>\n\t\t\t\n\t\t\t\t<\/div>\n\t\t\t<\/div><div class=\"et_pb_with_border et_pb_module dsm_card dsm_card_1 et_pb_bg_layout_light dsm_card_image_animation dsm_card_image_animation_zoom_in dsm_card_layout_inline \">\n\t\t\t\t\n\t\t\t\t\n\t\t\t\t\n\t\t\t\t\n\t\t\t\t\n\t\t\t\t\n\t\t\t\t<div class=\"et_pb_module_inner\">\n\t\t\t\t\t\n\t\t\t\n\t\t\t<figure class=\"dsm_card_image_wrapper dsm_card_badge_top_right\"><div class=\"dsm_card_image_background dsm_card_img\"><\/div><\/figure>\n\t\t\t\n\t\t\t\n\t\t\t\t<\/div>\n\t\t\t<\/div>Veronika Bene\u0161ov\u00e1referent odd\u011blen\u00ed [&hellip;]<\/p>\n","protected":false},"author":1,"featured_media":0,"parent":0,"menu_order":0,"comment_status":"closed","ping_status":"closed","template":"","meta":{"_et_pb_use_builder":"on","_et_pb_old_content":"","_et_gb_content_width":""},"_links":{"self":[{"href":"https:\/\/zakazky.ujep.cz\/index.php\/wp-json\/wp\/v2\/pages\/108"}],"collection":[{"href":"https:\/\/zakazky.ujep.cz\/index.php\/wp-json\/wp\/v2\/pages"}],"about":[{"href":"https:\/\/zakazky.ujep.cz\/index.php\/wp-json\/wp\/v2\/types\/page"}],"author":[{"embeddable":true,"href":"https:\/\/zakazky.ujep.cz\/index.php\/wp-json\/wp\/v2\/users\/1"}],"replies":[{"embeddable":true,"href":"https:\/\/zakazky.ujep.cz\/index.php\/wp-json\/wp\/v2\/comments?post=108"}],"version-history":[{"count":60,"href":"https:\/\/zakazky.ujep.cz\/index.php\/wp-json\/wp\/v2\/pages\/108\/revisions"}],"predecessor-version":[{"id":354,"href":"https:\/\/zakazky.ujep.cz\/index.php\/wp-json\/wp\/v2\/pages\/108\/revisions\/354"}],"wp:attachment":[{"href":"https:\/\/zakazky.ujep.cz\/index.php\/wp-json\/wp\/v2\/media?parent=108"}],"curies":[{"name":"wp","href":"https:\/\/api.w.org\/{rel}","templated":true}]}}